{"id":702,"date":"2018-09-07T02:35:27","date_gmt":"2018-09-06T18:35:27","guid":{"rendered":"https:\/\/ideambox.com\/?page_id=702"},"modified":"2023-08-02T16:50:15","modified_gmt":"2023-08-02T08:50:15","slug":"about","status":"publish","type":"page","link":"https:\/\/ideambox.com\/es\/about\/","title":{"rendered":"Equipo"},"content":{"rendered":"\t\t<div data-elementor-type=\"wp-post\" data-elementor-id=\"702\" class=\"elementor elementor-702 elementor-459\" data-elementor-post-type=\"page\">\n\t\t\t\t<div class=\"elementor-element elementor-element-252ba98 e-flex e-con-boxed e-con e-parent\" data-id=\"252ba98\" data-element_type=\"container\" data-e-type=\"container\" data-settings=\"{&quot;background_background&quot;:&quot;classic&quot;}\">\n\t\t\t\t\t<div class=\"e-con-inner\">\n\t\t<div class=\"elementor-element elementor-element-a7b61c7 e-con-full e-flex e-con e-child\" data-id=\"a7b61c7\" data-element_type=\"container\" data-e-type=\"container\">\n\t\t<div class=\"elementor-element elementor-element-8d310a1 e-con-full e-flex e-con e-child\" data-id=\"8d310a1\" data-element_type=\"container\" data-e-type=\"container\" data-settings=\"{&quot;background_background&quot;:&quot;classic&quot;}\">\n\t\t\t\t<div class=\"elementor-element elementor-element-1e2c546 elementor-widget elementor-widget-heading\" data-id=\"1e2c546\" data-element_type=\"widget\" data-e-type=\"widget\" data-settings=\"{&quot;_animation&quot;:&quot;none&quot;}\" data-widget_type=\"heading.default\">\n\t\t\t\t\t<h2 class=\"elementor-heading-title elementor-size-default\">Nos mueve el reto de hacer las cosas bien.  <\/h2>\t\t\t\t<\/div>\n\t\t\t\t<div class=\"elementor-element elementor-element-38570b5 elementor-widget elementor-widget-heading\" data-id=\"38570b5\" data-element_type=\"widget\" data-e-type=\"widget\" data-widget_type=\"heading.default\">\n\t\t\t\t\t<h2 class=\"elementor-heading-title elementor-size-default\">Comprometidos con la capacitaci\u00f3n de grandes corporaciones, peque\u00f1as empresas y emprendedores, nos esforzamos por crear productos y dise\u00f1os B2B impactantes para clientes de todo el mundo.<\/h2>\t\t\t\t<\/div>\n\t\t\t\t<\/div>\n\t\t\t\t<\/div>\n\t\t\t\t\t<\/div>\n\t\t\t\t<\/div>\n\t\t\t\t<section class=\"elementor-section elementor-top-section elementor-element elementor-element-41dc5a0 elementor-section-boxed elementor-section-height-default elementor-section-height-default\" data-id=\"41dc5a0\" data-element_type=\"section\" data-e-type=\"section\">\n\t\t\t\t\t\t<div class=\"elementor-container elementor-column-gap-default\">\n\t\t\t\t\t<div class=\"elementor-column elementor-col-100 elementor-top-column elementor-element elementor-element-f935c25\" data-id=\"f935c25\" data-element_type=\"column\" data-e-type=\"column\">\n\t\t\t<div class=\"elementor-widget-wrap elementor-element-populated\">\n\t\t\t\t\t\t<div class=\"elementor-element elementor-element-05efed7 elementor-widget elementor-widget-image\" data-id=\"05efed7\" data-element_type=\"widget\" data-e-type=\"widget\" data-widget_type=\"image.default\">\n\t\t\t\t\t\t\t\t\t\t\t\t\t\t\t<img decoding=\"async\" src=\"https:\/\/ideambox.com\/wp-content\/uploads\/2021\/03\/ideambox_world_map.svg\" class=\"attachment-full size-full wp-image-2914\" alt=\"\" \/>\t\t\t\t\t\t\t\t\t\t\t\t\t\t\t<\/div>\n\t\t\t\t\t<\/div>\n\t\t<\/div>\n\t\t\t\t\t<\/div>\n\t\t<\/section>\n\t\t\t\t<section class=\"elementor-section elementor-top-section elementor-element elementor-element-2ba990f elementor-section-content-middle elementor-section-boxed elementor-section-height-default elementor-section-height-default\" data-id=\"2ba990f\" data-element_type=\"section\" data-e-type=\"section\" data-settings=\"{&quot;background_background&quot;:&quot;classic&quot;}\">\n\t\t\t\t\t\t<div class=\"elementor-container elementor-column-gap-no\">\n\t\t\t\t\t<div class=\"elementor-column elementor-col-100 elementor-top-column elementor-element elementor-element-acef0bd\" data-id=\"acef0bd\" data-element_type=\"column\" data-e-type=\"column\">\n\t\t\t<div class=\"elementor-widget-wrap elementor-element-populated\">\n\t\t\t\t\t\t<section class=\"elementor-section elementor-inner-section elementor-element elementor-element-b297332 elementor-section-full_width elementor-section-height-default elementor-section-height-default\" data-id=\"b297332\" data-element_type=\"section\" data-e-type=\"section\">\n\t\t\t\t\t\t<div class=\"elementor-container elementor-column-gap-default\">\n\t\t\t\t\t<div class=\"elementor-column elementor-col-50 elementor-inner-column elementor-element elementor-element-4fb9191\" data-id=\"4fb9191\" data-element_type=\"column\" data-e-type=\"column\">\n\t\t\t<div class=\"elementor-widget-wrap elementor-element-populated\">\n\t\t\t\t\t\t<div class=\"elementor-element elementor-element-89dd04e elementor-position-left elementor-vertical-align-middle elementor-widget elementor-widget-image-box\" data-id=\"89dd04e\" data-element_type=\"widget\" data-e-type=\"widget\" data-widget_type=\"image-box.default\">\n\t\t\t\t\t<div class=\"elementor-image-box-wrapper\"><figure class=\"elementor-image-box-img\"><img fetchpriority=\"high\" decoding=\"async\" width=\"500\" height=\"500\" src=\"https:\/\/ideambox.com\/wp-content\/uploads\/2018\/08\/pedro-1.png\" class=\"attachment-full size-full wp-image-764\" alt=\"\" srcset=\"https:\/\/ideambox.com\/wp-content\/uploads\/2018\/08\/pedro-1.png 500w, https:\/\/ideambox.com\/wp-content\/uploads\/2018\/08\/pedro-1-150x150.png 150w, https:\/\/ideambox.com\/wp-content\/uploads\/2018\/08\/pedro-1-300x300.png 300w\" sizes=\"(max-width: 500px) 100vw, 500px\" \/><\/figure><div class=\"elementor-image-box-content\"><h3 class=\"elementor-image-box-title\">Pedro Albaladejo<\/h3><p class=\"elementor-image-box-description\">MANAGING DIRECTOR<\/p><\/div><\/div>\t\t\t\t<\/div>\n\t\t\t\t<div class=\"elementor-element elementor-element-7063eb6 elementor-widget elementor-widget-text-editor\" data-id=\"7063eb6\" data-element_type=\"widget\" data-e-type=\"widget\" data-widget_type=\"text-editor.default\">\n\t\t\t\t\t\t\t\t\t<p>MBA e Ingeniero Industrial con m\u00e1s de 15 a\u00f1os de experiencia en empresas de Automoci\u00f3n y Aeron\u00e1utica ubicadas en Europa, China y USA, responsable del desarrollo de productos para algunos de los principales players de la industria como Toyota, General Motors o Airbus.<\/p>\n\t\t\t\t\t\t\t\t<\/div>\n\t\t\t\t\t<\/div>\n\t\t<\/div>\n\t\t\t\t<div class=\"elementor-column elementor-col-50 elementor-inner-column elementor-element elementor-element-b9e8385\" data-id=\"b9e8385\" data-element_type=\"column\" data-e-type=\"column\">\n\t\t\t<div class=\"elementor-widget-wrap elementor-element-populated\">\n\t\t\t\t\t\t<div class=\"elementor-element elementor-element-bee3a42 elementor-position-left elementor-vertical-align-middle elementor-widget elementor-widget-image-box\" data-id=\"bee3a42\" data-element_type=\"widget\" data-e-type=\"widget\" data-widget_type=\"image-box.default\">\n\t\t\t\t\t<div class=\"elementor-image-box-wrapper\"><figure class=\"elementor-image-box-img\"><img decoding=\"async\" width=\"200\" height=\"200\" src=\"https:\/\/ideambox.com\/wp-content\/uploads\/2021\/08\/simonliao.png\" class=\"attachment-full size-full wp-image-4616\" alt=\"\" srcset=\"https:\/\/ideambox.com\/wp-content\/uploads\/2021\/08\/simonliao.png 200w, https:\/\/ideambox.com\/wp-content\/uploads\/2021\/08\/simonliao-150x150.png 150w\" sizes=\"(max-width: 200px) 100vw, 200px\" \/><\/figure><div class=\"elementor-image-box-content\"><h3 class=\"elementor-image-box-title\">Simon Liao<\/h3><p class=\"elementor-image-box-description\">CREATIVE DIRECTOR<\/p><\/div><\/div>\t\t\t\t<\/div>\n\t\t\t\t<div class=\"elementor-element elementor-element-a039f34 elementor-widget elementor-widget-text-editor\" data-id=\"a039f34\" data-element_type=\"widget\" data-e-type=\"widget\" data-widget_type=\"text-editor.default\">\n\t\t\t\t\t\t\t\t\t<p>MDes y se especializa en campos h\u00e1pticos y HCI con experiencia en dise\u00f1o de interacci\u00f3n y desarrollo de realidad virtual. Su trabajo fue seleccionado en la conferencia de gr\u00e1ficos por computadora m\u00e1s importante del mundo, SIGGRAPH, como colaborador en 2019. Ahora se centra en productos y desarrollo empresarial como emprendedor.<\/p>\n\t\t\t\t\t\t\t\t<\/div>\n\t\t\t\t\t<\/div>\n\t\t<\/div>\n\t\t\t\t\t<\/div>\n\t\t<\/section>\n\t\t\t\t<section class=\"elementor-section elementor-inner-section elementor-element elementor-element-64f2245 elementor-section-full_width elementor-section-height-default elementor-section-height-default\" data-id=\"64f2245\" data-element_type=\"section\" data-e-type=\"section\">\n\t\t\t\t\t\t<div class=\"elementor-container elementor-column-gap-default\">\n\t\t\t\t\t<div class=\"elementor-column elementor-col-50 elementor-inner-column elementor-element elementor-element-64118f7\" data-id=\"64118f7\" data-element_type=\"column\" data-e-type=\"column\">\n\t\t\t<div class=\"elementor-widget-wrap elementor-element-populated\">\n\t\t\t\t\t\t<div class=\"elementor-element elementor-element-83d9150 elementor-position-left elementor-vertical-align-middle elementor-widget elementor-widget-image-box\" data-id=\"83d9150\" data-element_type=\"widget\" data-e-type=\"widget\" data-widget_type=\"image-box.default\">\n\t\t\t\t\t<div class=\"elementor-image-box-wrapper\"><figure class=\"elementor-image-box-img\"><img decoding=\"async\" src=\"https:\/\/ideambox.com\/wp-content\/uploads\/elementor\/thumbs\/Sylvia-Wu_profile-photo-qscx88ifwogv5y2no9dcxfyq2ijyjb5ojkvie5rnw8.png\" title=\"Sylvia Wu_profile photo\" alt=\"Sylvia Wu_profile photo\" loading=\"lazy\" \/><\/figure><div class=\"elementor-image-box-content\"><h3 class=\"elementor-image-box-title\">Sylvia Wu<\/h3><p class=\"elementor-image-box-description\">SOURCING MANAGER<\/p><\/div><\/div>\t\t\t\t<\/div>\n\t\t\t\t<div class=\"elementor-element elementor-element-10d941e elementor-widget elementor-widget-text-editor\" data-id=\"10d941e\" data-element_type=\"widget\" data-e-type=\"widget\" data-widget_type=\"text-editor.default\">\n\t\t\t\t\t\t\t\t\t<p class=\"p1\">El fundador de AskTaiwan, una empresa de abastecimiento con sede en Taiw\u00e1n con experiencia en marketing y ventas globales en el campo de la tecnolog\u00eda. Familiarizada con la cadena de suministro de Taiw\u00e1n y las perspectivas comerciales globales, puede actuar como una defensora eficaz del cliente para garantizar que el dise\u00f1o del producto cumpla o supere los objetivos de dise\u00f1o, rendimiento y precio deseados.<\/p>\n\t\t\t\t\t\t\t\t<\/div>\n\t\t\t\t\t<\/div>\n\t\t<\/div>\n\t\t\t\t<div class=\"elementor-column elementor-col-50 elementor-inner-column elementor-element elementor-element-d0377a5\" data-id=\"d0377a5\" data-element_type=\"column\" data-e-type=\"column\">\n\t\t\t<div class=\"elementor-widget-wrap elementor-element-populated\">\n\t\t\t\t\t\t<div class=\"elementor-element elementor-element-f78adaa elementor-position-left elementor-vertical-align-middle elementor-widget elementor-widget-image-box\" data-id=\"f78adaa\" data-element_type=\"widget\" data-e-type=\"widget\" data-widget_type=\"image-box.default\">\n\t\t\t\t\t<div class=\"elementor-image-box-wrapper\"><figure class=\"elementor-image-box-img\"><img decoding=\"async\" width=\"500\" height=\"500\" src=\"https:\/\/ideambox.com\/wp-content\/uploads\/2018\/09\/angel-albaladejo.png\" class=\"attachment-full size-full wp-image-770\" alt=\"\" srcset=\"https:\/\/ideambox.com\/wp-content\/uploads\/2018\/09\/angel-albaladejo.png 500w, https:\/\/ideambox.com\/wp-content\/uploads\/2018\/09\/angel-albaladejo-150x150.png 150w, https:\/\/ideambox.com\/wp-content\/uploads\/2018\/09\/angel-albaladejo-300x300.png 300w\" sizes=\"(max-width: 500px) 100vw, 500px\" \/><\/figure><div class=\"elementor-image-box-content\"><h3 class=\"elementor-image-box-title\">Angel Albaladejo<\/h3><p class=\"elementor-image-box-description\">INDUSTRIAL ENGINEERING<\/p><\/div><\/div>\t\t\t\t<\/div>\n\t\t\t\t<div class=\"elementor-element elementor-element-bda4dd3 elementor-widget elementor-widget-text-editor\" data-id=\"bda4dd3\" data-element_type=\"widget\" data-e-type=\"widget\" data-widget_type=\"text-editor.default\">\n\t\t\t\t\t\t\t\t\t<p>Proyectos y direcci\u00f3n t\u00e9cnica de instalaciones. Auditor\u00eda energ\u00e9tica Dise\u00f1o de equipos a presi\u00f3n. Seguridad industrial. Certificaci\u00f3n de equipos y maquinaria, marcado CE y patentes. Dise\u00f1o industrial y desarrollo de producto. Tramitaci\u00f3n de licencias y subvenciones.<\/p>\n\t\t\t\t\t\t\t\t<\/div>\n\t\t\t\t\t<\/div>\n\t\t<\/div>\n\t\t\t\t\t<\/div>\n\t\t<\/section>\n\t\t\t\t\t<\/div>\n\t\t<\/div>\n\t\t\t\t\t<\/div>\n\t\t<\/section>\n\t\t\t\t<\/div>\n\t\t","protected":false},"excerpt":{"rendered":"<p>Nos mueve el reto de hacer las cosas bien. Comprometidos con la capacitaci\u00f3n de grandes corporaciones, peque\u00f1as empresas y emprendedores, nos esforzamos por crear productos y dise\u00f1os B2B impactantes para clientes de todo el mundo. Pedro Albaladejo MANAGING DIRECTOR MBA e Ingeniero Industrial con m\u00e1s de 15 a\u00f1os de experiencia en empresas de Automoci\u00f3n y [&hellip;]<\/p>\n","protected":false},"author":1,"featured_media":0,"parent":0,"menu_order":0,"comment_status":"closed","ping_status":"closed","template":"elementor_header_footer","meta":{"footnotes":""},"class_list":["post-702","page","type-page","status-publish","hentry"],"_links":{"self":[{"href":"https:\/\/ideambox.com\/es\/wp-json\/wp\/v2\/pages\/702","targetHints":{"allow":["GET"]}}],"collection":[{"href":"https:\/\/ideambox.com\/es\/wp-json\/wp\/v2\/pages"}],"about":[{"href":"https:\/\/ideambox.com\/es\/wp-json\/wp\/v2\/types\/page"}],"author":[{"embeddable":true,"href":"https:\/\/ideambox.com\/es\/wp-json\/wp\/v2\/users\/1"}],"replies":[{"embeddable":true,"href":"https:\/\/ideambox.com\/es\/wp-json\/wp\/v2\/comments?post=702"}],"version-history":[{"count":2,"href":"https:\/\/ideambox.com\/es\/wp-json\/wp\/v2\/pages\/702\/revisions"}],"predecessor-version":[{"id":8486,"href":"https:\/\/ideambox.com\/es\/wp-json\/wp\/v2\/pages\/702\/revisions\/8486"}],"wp:attachment":[{"href":"https:\/\/ideambox.com\/es\/wp-json\/wp\/v2\/media?parent=702"}],"curies":[{"name":"wp","href":"https:\/\/api.w.org\/{rel}","templated":true}]}}