{"id":10187,"date":"2025-01-02T12:07:30","date_gmt":"2025-01-02T04:07:30","guid":{"rendered":"https:\/\/ideambox.com\/gracias\/"},"modified":"2025-01-02T12:11:56","modified_gmt":"2025-01-02T04:11:56","slug":"gracias","status":"publish","type":"page","link":"https:\/\/ideambox.com\/es\/gracias\/","title":{"rendered":"Gracias!"},"content":{"rendered":"\t\t<div data-elementor-type=\"wp-post\" data-elementor-id=\"10187\" class=\"elementor elementor-10187 elementor-10179\" data-elementor-post-type=\"page\">\n\t\t\t\t\t\t<section class=\"elementor-section elementor-top-section elementor-element elementor-element-59120c3 elementor-section-content-middle elementor-section-boxed elementor-section-height-default elementor-section-height-default\" data-id=\"59120c3\" data-element_type=\"section\" data-e-type=\"section\" data-settings=\"{&quot;background_background&quot;:&quot;classic&quot;}\">\n\t\t\t\t\t\t<div class=\"elementor-container elementor-column-gap-no\">\n\t\t\t\t\t<div class=\"elementor-column elementor-col-100 elementor-top-column elementor-element elementor-element-de682b3\" data-id=\"de682b3\" data-element_type=\"column\" data-e-type=\"column\" data-settings=\"{&quot;background_background&quot;:&quot;classic&quot;}\">\n\t\t\t<div class=\"elementor-widget-wrap elementor-element-populated\">\n\t\t\t\t\t\t<div class=\"elementor-element elementor-element-abe66e2 elementor-view-default elementor-widget elementor-widget-icon\" data-id=\"abe66e2\" data-element_type=\"widget\" data-e-type=\"widget\" data-widget_type=\"icon.default\">\n\t\t\t\t\t\t\t<div class=\"elementor-icon-wrapper\">\n\t\t\t<div class=\"elementor-icon\">\n\t\t\t<svg aria-hidden=\"true\" class=\"e-font-icon-svg e-fas-check\" viewBox=\"0 0 512 512\" xmlns=\"http:\/\/www.w3.org\/2000\/svg\"><path d=\"M173.898 439.404l-166.4-166.4c-9.997-9.997-9.997-26.206 0-36.204l36.203-36.204c9.997-9.998 26.207-9.998 36.204 0L192 312.69 432.095 72.596c9.997-9.997 26.207-9.997 36.204 0l36.203 36.204c9.997 9.997 9.997 26.206 0 36.204l-294.4 294.401c-9.998 9.997-26.207 9.997-36.204-.001z\"><\/path><\/svg>\t\t\t<\/div>\n\t\t<\/div>\n\t\t\t\t\t\t<\/div>\n\t\t\t\t<div class=\"elementor-element elementor-element-1b75285 elementor-widget elementor-widget-heading\" data-id=\"1b75285\" data-element_type=\"widget\" data-e-type=\"widget\" data-widget_type=\"heading.default\">\n\t\t\t\t\t<h2 class=\"elementor-heading-title elementor-size-default\">Muchas gracias. Tu solicitud se ha enviado correctamente y alguien de nuestro equipo se pondr\u00e1 en contacto contigo en un plazo de dos d\u00edas laborables. <\/h2>\t\t\t\t<\/div>\n\t\t\t\t<div class=\"elementor-element elementor-element-d427fbc elementor-widget elementor-widget-heading\" data-id=\"d427fbc\" data-element_type=\"widget\" data-e-type=\"widget\" data-widget_type=\"heading.default\">\n\t\t\t\t\t<h2 class=\"elementor-heading-title elementor-size-default\">Este sitio est\u00e1 protegido por reCAPTCHA y se aplican la <a href=\"https:\/\/policies.google.com\/privacy\">Pol\u00edtica de privacidad<\/a> de Google\n y las <a href=\"https:\/\/policies.google.com\/terms\">Condiciones del servicio<\/a> de\n.<\/h2>\t\t\t\t<\/div>\n\t\t\t\t\t<\/div>\n\t\t<\/div>\n\t\t\t\t\t<\/div>\n\t\t<\/section>\n\t\t\t\t<\/div>\n\t\t","protected":false},"excerpt":{"rendered":"<p>Muchas gracias. Tu solicitud se ha enviado correctamente y alguien de nuestro equipo se pondr\u00e1 en contacto contigo en un plazo de dos d\u00edas laborables. Este sitio est\u00e1 protegido por reCAPTCHA y se aplican la Pol\u00edtica de privacidad de Google y las Condiciones del servicio de .<\/p>\n","protected":false},"author":1,"featured_media":0,"parent":0,"menu_order":0,"comment_status":"closed","ping_status":"closed","template":"elementor_header_footer","meta":{"footnotes":""},"class_list":["post-10187","page","type-page","status-publish","hentry"],"_links":{"self":[{"href":"https:\/\/ideambox.com\/es\/wp-json\/wp\/v2\/pages\/10187","targetHints":{"allow":["GET"]}}],"collection":[{"href":"https:\/\/ideambox.com\/es\/wp-json\/wp\/v2\/pages"}],"about":[{"href":"https:\/\/ideambox.com\/es\/wp-json\/wp\/v2\/types\/page"}],"author":[{"embeddable":true,"href":"https:\/\/ideambox.com\/es\/wp-json\/wp\/v2\/users\/1"}],"replies":[{"embeddable":true,"href":"https:\/\/ideambox.com\/es\/wp-json\/wp\/v2\/comments?post=10187"}],"version-history":[{"count":1,"href":"https:\/\/ideambox.com\/es\/wp-json\/wp\/v2\/pages\/10187\/revisions"}],"predecessor-version":[{"id":10188,"href":"https:\/\/ideambox.com\/es\/wp-json\/wp\/v2\/pages\/10187\/revisions\/10188"}],"wp:attachment":[{"href":"https:\/\/ideambox.com\/es\/wp-json\/wp\/v2\/media?parent=10187"}],"curies":[{"name":"wp","href":"https:\/\/api.w.org\/{rel}","templated":true}]}}